{"id":45808,"date":"2025-02-02T14:46:10","date_gmt":"2025-02-02T17:46:10","guid":{"rendered":"https:\/\/bfxc.com.br\/2021\/?page_id=45808"},"modified":"2025-02-02T14:46:10","modified_gmt":"2025-02-02T17:46:10","slug":"ficha-de-inscricao-aabb","status":"publish","type":"page","link":"https:\/\/bfxc.com.br\/2021\/ficha-de-inscricao-aabb\/","title":{"rendered":"Ficha de Inscri\u00e7\u00e3o AABB"},"content":{"rendered":"<div class=\"wpforms-container wpforms-container-full\" id=\"wpforms-45806\"><form id=\"wpforms-form-45806\" class=\"wpforms-validate wpforms-form\" data-formid=\"45806\" method=\"post\" enctype=\"multipart\/form-data\" action=\"\/2021\/wp-json\/wp\/v2\/pages\/45808\" data-token=\"49bc259927494902af3836a414d580bd\" data-token-time=\"1775555616\"><noscript class=\"wpforms-error-noscript\">Ative o JavaScript no seu navegador para preencher este formul\u00e1rio.<\/noscript><div class=\"wpforms-field-container\"><div id=\"wpforms-45806-field_1-container\" class=\"wpforms-field wpforms-field-text\" data-field-id=\"1\"><label class=\"wpforms-field-label\" for=\"wpforms-45806-field_1\">Nome <span class=\"wpforms-required-label\">*<\/span><\/label><input type=\"text\" id=\"wpforms-45806-field_1\" class=\"wpforms-field-medium wpforms-field-required\" name=\"wpforms[fields][1]\" required><\/div><div id=\"wpforms-45806-field_7-container\" class=\"wpforms-field wpforms-field-text\" data-field-id=\"7\"><label class=\"wpforms-field-label\" for=\"wpforms-45806-field_7\">Whatsapp: <span class=\"wpforms-required-label\">*<\/span><\/label><input type=\"text\" id=\"wpforms-45806-field_7\" class=\"wpforms-field-medium wpforms-field-required\" name=\"wpforms[fields][7]\" required><\/div><div id=\"wpforms-45806-field_2-container\" class=\"wpforms-field wpforms-field-text\" data-field-id=\"2\"><label class=\"wpforms-field-label\" for=\"wpforms-45806-field_2\">Cidade <span class=\"wpforms-required-label\">*<\/span><\/label><input type=\"text\" id=\"wpforms-45806-field_2\" class=\"wpforms-field-medium wpforms-field-required\" name=\"wpforms[fields][2]\" required><\/div><div id=\"wpforms-45806-field_9-container\" class=\"wpforms-field wpforms-field-text\" data-field-id=\"9\"><label class=\"wpforms-field-label\" for=\"wpforms-45806-field_9\">Rating Fide<\/label><input type=\"text\" id=\"wpforms-45806-field_9\" class=\"wpforms-field-medium\" name=\"wpforms[fields][9]\" ><\/div><div id=\"wpforms-45806-field_10-container\" class=\"wpforms-field wpforms-field-text\" data-field-id=\"10\"><label class=\"wpforms-field-label\" for=\"wpforms-45806-field_10\">Rating Lichess<\/label><input type=\"text\" id=\"wpforms-45806-field_10\" class=\"wpforms-field-medium\" name=\"wpforms[fields][10]\" ><\/div><div id=\"wpforms-45806-field_12-container\" class=\"wpforms-field wpforms-field-text\" data-field-id=\"12\"><label class=\"wpforms-field-label\" for=\"wpforms-45806-field_12\">Rating CHESS.COM <\/label><input type=\"text\" id=\"wpforms-45806-field_12\" class=\"wpforms-field-medium\" name=\"wpforms[fields][12]\" ><\/div><div id=\"wpforms-45806-field_11-container\" class=\"wpforms-field wpforms-field-text\" data-field-id=\"11\"><label class=\"wpforms-field-label\" for=\"wpforms-45806-field_11\">Rating Local<\/label><input type=\"text\" id=\"wpforms-45806-field_11\" class=\"wpforms-field-medium\" name=\"wpforms[fields][11]\" ><\/div><div id=\"wpforms-45806-field_6-container\" class=\"wpforms-field wpforms-field-radio\" data-field-id=\"6\"><label class=\"wpforms-field-label\">Categorias: Clique em sua categoria <span class=\"wpforms-required-label\">*<\/span><\/label><ul id=\"wpforms-45806-field_6\" class=\"wpforms-field-required\"><li class=\"choice-5 depth-1\"><input type=\"radio\" id=\"wpforms-45806-field_6_5\" name=\"wpforms[fields][6]\" value=\"Feminina todas as idades.\" required ><label class=\"wpforms-field-label-inline\" for=\"wpforms-45806-field_6_5\">Feminina todas as idades.<\/label><\/li><li class=\"choice-11 depth-1\"><input type=\"radio\" id=\"wpforms-45806-field_6_11\" name=\"wpforms[fields][6]\" value=\"Mirim at\u00e9 9 anos.\" required ><label class=\"wpforms-field-label-inline\" for=\"wpforms-45806-field_6_11\">Mirim at\u00e9 9 anos.<\/label><\/li><li class=\"choice-4 depth-1\"><input type=\"radio\" id=\"wpforms-45806-field_6_4\" name=\"wpforms[fields][6]\" value=\"Infantil de 10 a 14 anos.\" required ><label class=\"wpforms-field-label-inline\" for=\"wpforms-45806-field_6_4\">Infantil de 10 a 14 anos.<\/label><\/li><li class=\"choice-6 depth-1\"><input type=\"radio\" id=\"wpforms-45806-field_6_6\" name=\"wpforms[fields][6]\" value=\"Juvenil 15 a 18 anos.\" required ><label class=\"wpforms-field-label-inline\" for=\"wpforms-45806-field_6_6\">Juvenil 15 a 18 anos.<\/label><\/li><li class=\"choice-7 depth-1\"><input type=\"radio\" id=\"wpforms-45806-field_6_7\" name=\"wpforms[fields][6]\" value=\"Geral - idade livre\" required ><label class=\"wpforms-field-label-inline\" for=\"wpforms-45806-field_6_7\">Geral - idade livre<\/label><\/li><li class=\"choice-8 depth-1\"><input type=\"radio\" id=\"wpforms-45806-field_6_8\" name=\"wpforms[fields][6]\" value=\"S\u00eanior de 50 a 59 anos.\" required ><label class=\"wpforms-field-label-inline\" for=\"wpforms-45806-field_6_8\">S\u00eanior de 50 a 59 anos.<\/label><\/li><li class=\"choice-9 depth-1\"><input type=\"radio\" id=\"wpforms-45806-field_6_9\" name=\"wpforms[fields][6]\" value=\"Veterano de 60 ou mais anos.\" required ><label class=\"wpforms-field-label-inline\" for=\"wpforms-45806-field_6_9\">Veterano de 60 ou mais anos.<\/label><\/li><\/ul><\/div><div id=\"wpforms-45806-field_4-container\" class=\"wpforms-field wpforms-field-checkbox\" data-field-id=\"4\"><label class=\"wpforms-field-label\">Termo de Aceite <span class=\"wpforms-required-label\">*<\/span><\/label><ul id=\"wpforms-45806-field_4\" class=\"wpforms-field-required\"><li class=\"choice-1 depth-1\"><input type=\"checkbox\" id=\"wpforms-45806-field_4_1\" name=\"wpforms[fields][4][]\" value=\"Concordo com o regulamento do torneio e me comprometo a pagar a taxa de inscri\u00e7\u00e3o de R$20,00. (Esta deve ser paga antecipadamente via PIX na chave Celular: 55984592732- Nubank)\" required ><label class=\"wpforms-field-label-inline\" for=\"wpforms-45806-field_4_1\">Concordo com o regulamento do torneio e me comprometo a pagar a taxa de inscri\u00e7\u00e3o de R$20,00. (Esta deve ser paga antecipadamente via PIX na chave Celular: 55984592732- Nubank)<\/label><\/li><\/ul><div class=\"wpforms-field-description\">\u00c9 obrigat\u00f3rio o envio do comprovante do PIX para o Whatsapp do Nicola: 55984592732.\n\nN\u00e3o esque\u00e7a, envie seu comprovante pelo whats para facilitar a identifica\u00e7\u00e3o e confirma\u00e7\u00e3o de sua inscri\u00e7\u00e3o.<\/div><\/div><\/div><!-- .wpforms-field-container --><div class=\"wpforms-submit-container\" ><input type=\"hidden\" name=\"wpforms[id]\" value=\"45806\"><input type=\"hidden\" name=\"page_title\" value=\"\"><input type=\"hidden\" name=\"page_url\" value=\"https:\/\/bfxc.com.br\/2021\/wp-json\/wp\/v2\/pages\/45808\"><input type=\"hidden\" name=\"url_referer\" value=\"\"><button type=\"submit\" name=\"wpforms[submit]\" id=\"wpforms-submit-45806\" class=\"wpforms-submit\" data-alt-text=\"Enviando...\" data-submit-text=\"Enviar Inscri\u00e7\u00e3o\" aria-live=\"assertive\" value=\"wpforms-submit\">Enviar Inscri\u00e7\u00e3o<\/button><\/div><\/form><\/div>  <!-- .wpforms-container -->\n","protected":false},"excerpt":{"rendered":"","protected":false},"author":1,"featured_media":45809,"parent":0,"menu_order":0,"comment_status":"closed","ping_status":"closed","template":"","meta":{"footnotes":""},"class_list":["post-45808","page","type-page","status-publish","has-post-thumbnail","hentry"],"_links":{"self":[{"href":"https:\/\/bfxc.com.br\/2021\/wp-json\/wp\/v2\/pages\/45808","targetHints":{"allow":["GET"]}}],"collection":[{"href":"https:\/\/bfxc.com.br\/2021\/wp-json\/wp\/v2\/pages"}],"about":[{"href":"https:\/\/bfxc.com.br\/2021\/wp-json\/wp\/v2\/types\/page"}],"author":[{"embeddable":true,"href":"https:\/\/bfxc.com.br\/2021\/wp-json\/wp\/v2\/users\/1"}],"replies":[{"embeddable":true,"href":"https:\/\/bfxc.com.br\/2021\/wp-json\/wp\/v2\/comments?post=45808"}],"version-history":[{"count":1,"href":"https:\/\/bfxc.com.br\/2021\/wp-json\/wp\/v2\/pages\/45808\/revisions"}],"predecessor-version":[{"id":45810,"href":"https:\/\/bfxc.com.br\/2021\/wp-json\/wp\/v2\/pages\/45808\/revisions\/45810"}],"wp:featuredmedia":[{"embeddable":true,"href":"https:\/\/bfxc.com.br\/2021\/wp-json\/wp\/v2\/media\/45809"}],"wp:attachment":[{"href":"https:\/\/bfxc.com.br\/2021\/wp-json\/wp\/v2\/media?parent=45808"}],"curies":[{"name":"wp","href":"https:\/\/api.w.org\/{rel}","templated":true}]}}