{"id":40983,"date":"2021-05-08T19:21:14","date_gmt":"2021-05-08T22:21:14","guid":{"rendered":"http:\/\/bfxc.com.br\/2021\/?page_id=40983"},"modified":"2021-05-08T19:58:40","modified_gmt":"2021-05-08T22:58:40","slug":"banco-de-dados-de-materias","status":"publish","type":"page","link":"https:\/\/bfxc.com.br\/2021\/banco-de-dados-de-materias\/","title":{"rendered":"Banco de Dados de Mat\u00e9rias"},"content":{"rendered":"\t\t<div data-elementor-type=\"wp-page\" data-elementor-id=\"40983\" class=\"elementor elementor-40983\" data-elementor-post-type=\"page\">\n\t\t\t\t\t\t<section class=\"elementor-section elementor-top-section elementor-element elementor-element-a98794e elementor-section-boxed elementor-section-height-default elementor-section-height-default\" data-id=\"a98794e\" data-element_type=\"section\" data-settings=\"{&quot;background_background&quot;:&quot;classic&quot;,&quot;ekit_has_onepagescroll_dot&quot;:&quot;yes&quot;}\">\n\t\t\t\t\t\t<div class=\"elementor-container elementor-column-gap-default\">\n\t\t\t\t\t<div class=\"elementor-column elementor-col-50 elementor-top-column elementor-element elementor-element-51f0d30 elementor-hidden-tablet elementor-hidden-phone\" data-id=\"51f0d30\" data-element_type=\"column\">\n\t\t\t<div class=\"elementor-widget-wrap\">\n\t\t\t\t\t\t\t<\/div>\n\t\t<\/div>\n\t\t\t\t<div class=\"elementor-column elementor-col-50 elementor-top-column elementor-element elementor-element-22db55e\" data-id=\"22db55e\" data-element_type=\"column\">\n\t\t\t<div class=\"elementor-widget-wrap elementor-element-populated\">\n\t\t\t\t\t\t<div class=\"elementor-element elementor-element-55edc88 elementor-search-form--skin-classic elementor-search-form--button-type-icon elementor-search-form--icon-search elementor-widget elementor-widget-search-form\" data-id=\"55edc88\" data-element_type=\"widget\" data-settings=\"{&quot;skin&quot;:&quot;classic&quot;,&quot;ekit_we_effect_on&quot;:&quot;none&quot;}\" data-widget_type=\"search-form.default\">\n\t\t\t\t<div class=\"elementor-widget-container\">\n\t\t\t\t\t\t\t<search role=\"search\">\n\t\t\t<form class=\"elementor-search-form\" action=\"https:\/\/bfxc.com.br\/2021\" method=\"get\">\n\t\t\t\t\t\t\t\t\t\t\t\t<div class=\"elementor-search-form__container\">\n\t\t\t\t\t<label class=\"elementor-screen-only\" for=\"elementor-search-form-55edc88\">Search<\/label>\n\n\t\t\t\t\t\n\t\t\t\t\t<input id=\"elementor-search-form-55edc88\" placeholder=\"Procurar\" class=\"elementor-search-form__input\" type=\"search\" name=\"s\" value=\"\">\n\t\t\t\t\t\n\t\t\t\t\t\t\t\t\t\t\t<button class=\"elementor-search-form__submit\" type=\"submit\" aria-label=\"Search\">\n\t\t\t\t\t\t\t\t\t\t\t\t\t\t\t<i aria-hidden=\"true\" class=\"fas fa-search\"><\/i>\t\t\t\t\t\t\t\t\t\t\t\t\t<\/button>\n\t\t\t\t\t\n\t\t\t\t\t\t\t\t\t<\/div>\n\t\t\t<\/form>\n\t\t<\/search>\n\t\t\t\t\t\t<\/div>\n\t\t\t\t<\/div>\n\t\t\t\t<div class=\"elementor-element elementor-element-44d6202 elementor-grid-4 elementor-grid-tablet-2 elementor-grid-mobile-1 elementor-posts--thumbnail-top elementor-card-shadow-yes elementor-posts__hover-gradient elementor-widget elementor-widget-posts\" data-id=\"44d6202\" data-element_type=\"widget\" data-settings=\"{&quot;cards_columns&quot;:&quot;4&quot;,&quot;pagination_type&quot;:&quot;numbers&quot;,&quot;cards_columns_tablet&quot;:&quot;2&quot;,&quot;cards_columns_mobile&quot;:&quot;1&quot;,&quot;cards_row_gap&quot;:{&quot;unit&quot;:&quot;px&quot;,&quot;size&quot;:35,&quot;sizes&quot;:[]},&quot;cards_row_gap_tablet&quot;:{&quot;unit&quot;:&quot;px&quot;,&quot;size&quot;:&quot;&quot;,&quot;sizes&quot;:[]},&quot;cards_row_gap_mobile&quot;:{&quot;unit&quot;:&quot;px&quot;,&quot;size&quot;:&quot;&quot;,&quot;sizes&quot;:[]},&quot;ekit_we_effect_on&quot;:&quot;none&quot;}\" data-widget_type=\"posts.cards\">\n\t\t\t\t<div class=\"elementor-widget-container\">\n\t\t\t\t\t\t\t<div class=\"elementor-posts-container elementor-posts elementor-posts--skin-cards elementor-grid\">\n\t\t\t\t<article class=\"elementor-post elementor-grid-item post-43812 post type-post status-publish format-standard has-post-thumbnail hentry category-torneios\">\n\t\t\t<div class=\"elementor-post__card\">\n\t\t\t\t<a class=\"elementor-post__thumbnail__link\" href=\"https:\/\/bfxc.com.br\/2021\/2acopa-de-xadrez-do-jockey-clube\/\" tabindex=\"-1\" ><div class=\"elementor-post__thumbnail\"><img decoding=\"async\" width=\"150\" height=\"150\" src=\"https:\/\/bfxc.com.br\/2021\/wp-content\/uploads\/2023\/07\/TROFEU-CAPIVARA-150x150.jpg\" class=\"attachment-thumbnail size-thumbnail wp-image-43901\" alt=\"\" \/><\/div><\/a>\n\t\t\t\t<div class=\"elementor-post__badge\">Torneios<\/div>\n\t\t\t\t<div class=\"elementor-post__text\">\n\t\t\t\t<p class=\"elementor-post__title\">\n\t\t\t<a href=\"https:\/\/bfxc.com.br\/2021\/2acopa-de-xadrez-do-jockey-clube\/\" >\n\t\t\t\t2\u00aaCOPA DE XADREZ DO JOCKEY CLUBE\t\t\t<\/a>\n\t\t<\/p>\n\t\t\n\t\t<a class=\"elementor-post__read-more\" href=\"https:\/\/bfxc.com.br\/2021\/2acopa-de-xadrez-do-jockey-clube\/\" aria-label=\"Read more about 2\u00aaCOPA DE XADREZ DO JOCKEY CLUBE\" tabindex=\"-1\" >\n\t\t\tAbrir \u00bb\t\t<\/a>\n\n\t\t\t\t<\/div>\n\t\t\t\t<div class=\"elementor-post__meta-data\">\n\t\t\t\t\t<span class=\"elementor-post-date\">\n\t\t\t20 de julho de 2023\t\t<\/span>\n\t\t\t\t<span class=\"elementor-post-avatar\">\n\t\t\tNenhum coment\u00e1rio\t\t<\/span>\n\t\t\t\t<\/div>\n\t\t\t\t\t<\/div>\n\t\t<\/article>\n\t\t\t\t<article class=\"elementor-post elementor-grid-item post-49311 post type-post status-publish format-standard has-post-thumbnail hentry category-torneios\">\n\t\t\t<div class=\"elementor-post__card\">\n\t\t\t\t<a class=\"elementor-post__thumbnail__link\" href=\"https:\/\/bfxc.com.br\/2021\/em-breve-entre-relogios-impacientes-e-olhares-calculados-um-torneio-semipensado-anunciara-seus-vencedores\/\" tabindex=\"-1\" ><div class=\"elementor-post__thumbnail\"><img decoding=\"async\" width=\"150\" height=\"150\" src=\"https:\/\/bfxc.com.br\/2021\/wp-content\/uploads\/2026\/03\/ddbfa8c5-7a9e-45e9-bc6f-6ecee122ef61-150x150.jpg\" class=\"attachment-thumbnail size-thumbnail wp-image-49312\" alt=\"\" srcset=\"https:\/\/bfxc.com.br\/2021\/wp-content\/uploads\/2026\/03\/ddbfa8c5-7a9e-45e9-bc6f-6ecee122ef61-150x150.jpg 150w, https:\/\/bfxc.com.br\/2021\/wp-content\/uploads\/2026\/03\/ddbfa8c5-7a9e-45e9-bc6f-6ecee122ef61-300x300.jpg 300w, https:\/\/bfxc.com.br\/2021\/wp-content\/uploads\/2026\/03\/ddbfa8c5-7a9e-45e9-bc6f-6ecee122ef61-768x768.jpg 768w, https:\/\/bfxc.com.br\/2021\/wp-content\/uploads\/2026\/03\/ddbfa8c5-7a9e-45e9-bc6f-6ecee122ef61.jpg 1024w\" sizes=\"(max-width: 150px) 100vw, 150px\" \/><\/div><\/a>\n\t\t\t\t<div class=\"elementor-post__badge\">Torneios<\/div>\n\t\t\t\t<div class=\"elementor-post__text\">\n\t\t\t\t<p class=\"elementor-post__title\">\n\t\t\t<a href=\"https:\/\/bfxc.com.br\/2021\/em-breve-entre-relogios-impacientes-e-olhares-calculados-um-torneio-semipensado-anunciara-seus-vencedores\/\" >\n\t\t\t\tENTRE REL\u00d3GIOS IMPACIENTES E OLHARES CALCULADOS, UM TORNEIO SEMIPENSADO ANUNCIAR\u00c1 SEUS VENCEDORES\t\t\t<\/a>\n\t\t<\/p>\n\t\t\n\t\t<a class=\"elementor-post__read-more\" href=\"https:\/\/bfxc.com.br\/2021\/em-breve-entre-relogios-impacientes-e-olhares-calculados-um-torneio-semipensado-anunciara-seus-vencedores\/\" aria-label=\"Read more about ENTRE REL\u00d3GIOS IMPACIENTES E OLHARES CALCULADOS, UM TORNEIO SEMIPENSADO ANUNCIAR\u00c1 SEUS VENCEDORES\" tabindex=\"-1\" >\n\t\t\tAbrir \u00bb\t\t<\/a>\n\n\t\t\t\t<\/div>\n\t\t\t\t<div class=\"elementor-post__meta-data\">\n\t\t\t\t\t<span class=\"elementor-post-date\">\n\t\t\t31 de mar\u00e7o de 2026\t\t<\/span>\n\t\t\t\t<span class=\"elementor-post-avatar\">\n\t\t\tNenhum coment\u00e1rio\t\t<\/span>\n\t\t\t\t<\/div>\n\t\t\t\t\t<\/div>\n\t\t<\/article>\n\t\t\t\t<article class=\"elementor-post elementor-grid-item post-47537 post type-post status-publish format-standard has-post-thumbnail hentry category-fotos-torneio\">\n\t\t\t<div class=\"elementor-post__card\">\n\t\t\t\t<a class=\"elementor-post__thumbnail__link\" href=\"https:\/\/bfxc.com.br\/2021\/bobby-fischer-xadrez-clube-no-campeonato-estudantil-de-sao-leopoldo\/\" tabindex=\"-1\" ><div class=\"elementor-post__thumbnail\"><img decoding=\"async\" width=\"150\" height=\"150\" src=\"https:\/\/bfxc.com.br\/2021\/wp-content\/uploads\/2025\/07\/323d8a3e-626f-45c2-8f68-662f60f7f9e1-150x150.jpeg\" class=\"attachment-thumbnail size-thumbnail wp-image-47545\" alt=\"\" \/><\/div><\/a>\n\t\t\t\t<div class=\"elementor-post__badge\">FOTOS TORNEIO<\/div>\n\t\t\t\t<div class=\"elementor-post__text\">\n\t\t\t\t<p class=\"elementor-post__title\">\n\t\t\t<a href=\"https:\/\/bfxc.com.br\/2021\/bobby-fischer-xadrez-clube-no-campeonato-estudantil-de-sao-leopoldo\/\" >\n\t\t\t\tBOBBY FISCHER XADREZ CLUBE no CAMPEONATO ESTUDANTIL DE S\u00c3O LEOPOLDO\t\t\t<\/a>\n\t\t<\/p>\n\t\t\n\t\t<a class=\"elementor-post__read-more\" href=\"https:\/\/bfxc.com.br\/2021\/bobby-fischer-xadrez-clube-no-campeonato-estudantil-de-sao-leopoldo\/\" aria-label=\"Read more about BOBBY FISCHER XADREZ CLUBE no CAMPEONATO ESTUDANTIL DE S\u00c3O LEOPOLDO\" tabindex=\"-1\" >\n\t\t\tAbrir \u00bb\t\t<\/a>\n\n\t\t\t\t<\/div>\n\t\t\t\t<div class=\"elementor-post__meta-data\">\n\t\t\t\t\t<span class=\"elementor-post-date\">\n\t\t\t16 de julho de 2025\t\t<\/span>\n\t\t\t\t<span class=\"elementor-post-avatar\">\n\t\t\tNenhum coment\u00e1rio\t\t<\/span>\n\t\t\t\t<\/div>\n\t\t\t\t\t<\/div>\n\t\t<\/article>\n\t\t\t\t<article class=\"elementor-post elementor-grid-item post-48137 post type-post status-publish format-standard has-post-thumbnail hentry category-materias\">\n\t\t\t<div class=\"elementor-post__card\">\n\t\t\t\t<a class=\"elementor-post__thumbnail__link\" href=\"https:\/\/bfxc.com.br\/2021\/1o-torneio-galderio-de-xadrez-classificacao-e-fotos\/\" tabindex=\"-1\" ><div class=\"elementor-post__thumbnail\"><img loading=\"lazy\" decoding=\"async\" width=\"150\" height=\"150\" src=\"https:\/\/bfxc.com.br\/2021\/wp-content\/uploads\/2025\/09\/cd415f5e-5730-43ca-9e6f-9da7e56ad6eb-2-150x150.jpeg\" class=\"attachment-thumbnail size-thumbnail wp-image-48168\" alt=\"\" \/><\/div><\/a>\n\t\t\t\t<div class=\"elementor-post__badge\">Mat\u00e9rias<\/div>\n\t\t\t\t<div class=\"elementor-post__text\">\n\t\t\t\t<p class=\"elementor-post__title\">\n\t\t\t<a href=\"https:\/\/bfxc.com.br\/2021\/1o-torneio-galderio-de-xadrez-classificacao-e-fotos\/\" >\n\t\t\t\t1\u00ba TORNEIO GALD\u00c9RIO DE XADREZ CLASSIFICA\u00c7\u00c3O E FOTOS\t\t\t<\/a>\n\t\t<\/p>\n\t\t\n\t\t<a class=\"elementor-post__read-more\" href=\"https:\/\/bfxc.com.br\/2021\/1o-torneio-galderio-de-xadrez-classificacao-e-fotos\/\" aria-label=\"Read more about 1\u00ba TORNEIO GALD\u00c9RIO DE XADREZ CLASSIFICA\u00c7\u00c3O E FOTOS\" tabindex=\"-1\" >\n\t\t\tAbrir \u00bb\t\t<\/a>\n\n\t\t\t\t<\/div>\n\t\t\t\t<div class=\"elementor-post__meta-data\">\n\t\t\t\t\t<span class=\"elementor-post-date\">\n\t\t\t21 de setembro de 2025\t\t<\/span>\n\t\t\t\t<span class=\"elementor-post-avatar\">\n\t\t\tNenhum coment\u00e1rio\t\t<\/span>\n\t\t\t\t<\/div>\n\t\t\t\t\t<\/div>\n\t\t<\/article>\n\t\t\t\t<article class=\"elementor-post elementor-grid-item post-24488 post type-post status-publish format-standard has-post-thumbnail hentry category-antigos\">\n\t\t\t<div class=\"elementor-post__card\">\n\t\t\t\t<a class=\"elementor-post__thumbnail__link\" href=\"https:\/\/bfxc.com.br\/2021\/fotos-copa-29-anos-farmcia-valmari-1-parte\/\" tabindex=\"-1\" ><div class=\"elementor-post__thumbnail\"><img loading=\"lazy\" decoding=\"async\" width=\"150\" height=\"150\" src=\"https:\/\/bfxc.com.br\/2021\/wp-content\/uploads\/2013\/08\/A-sala-vip-da-casa-do-Valmir-redebeu-os-melhores-enxadristas-da-fronteira_thumb1-150x150.jpg\" class=\"attachment-thumbnail size-thumbnail wp-image-35657\" alt=\"\" \/><\/div><\/a>\n\t\t\t\t<div class=\"elementor-post__badge\">Antigos<\/div>\n\t\t\t\t<div class=\"elementor-post__text\">\n\t\t\t\t<p class=\"elementor-post__title\">\n\t\t\t<a href=\"https:\/\/bfxc.com.br\/2021\/fotos-copa-29-anos-farmcia-valmari-1-parte\/\" >\n\t\t\t\tFOTOS COPA 29 ANOS FARM&Aacute;CIA VALMARI 1&ordf; parte\t\t\t<\/a>\n\t\t<\/p>\n\t\t\n\t\t<a class=\"elementor-post__read-more\" href=\"https:\/\/bfxc.com.br\/2021\/fotos-copa-29-anos-farmcia-valmari-1-parte\/\" aria-label=\"Read more about FOTOS COPA 29 ANOS FARM&Aacute;CIA VALMARI 1&ordf; parte\" tabindex=\"-1\" >\n\t\t\tAbrir \u00bb\t\t<\/a>\n\n\t\t\t\t<\/div>\n\t\t\t\t<div class=\"elementor-post__meta-data\">\n\t\t\t\t\t<span class=\"elementor-post-date\">\n\t\t\t30 de agosto de 2013\t\t<\/span>\n\t\t\t\t<span class=\"elementor-post-avatar\">\n\t\t\tNenhum coment\u00e1rio\t\t<\/span>\n\t\t\t\t<\/div>\n\t\t\t\t\t<\/div>\n\t\t<\/article>\n\t\t\t\t<article class=\"elementor-post elementor-grid-item post-20534 post type-post status-publish format-standard has-post-thumbnail hentry category-antigos\">\n\t\t\t<div class=\"elementor-post__card\">\n\t\t\t\t<a class=\"elementor-post__thumbnail__link\" href=\"https:\/\/bfxc.com.br\/2021\/fotos-torneio-das-quintas-feiras-3082012\/\" tabindex=\"-1\" ><div class=\"elementor-post__thumbnail\"><img loading=\"lazy\" decoding=\"async\" width=\"150\" height=\"150\" src=\"https:\/\/bfxc.com.br\/2021\/wp-content\/uploads\/2012\/08\/SAM_7676_640x480_thumb-150x150.jpg\" class=\"attachment-thumbnail size-thumbnail wp-image-33372\" alt=\"\" \/><\/div><\/a>\n\t\t\t\t<div class=\"elementor-post__badge\">Antigos<\/div>\n\t\t\t\t<div class=\"elementor-post__text\">\n\t\t\t\t<p class=\"elementor-post__title\">\n\t\t\t<a href=\"https:\/\/bfxc.com.br\/2021\/fotos-torneio-das-quintas-feiras-3082012\/\" >\n\t\t\t\tFOTOS TORNEIO DAS QUINTAS-FEIRAS (30\/8\/2012)\t\t\t<\/a>\n\t\t<\/p>\n\t\t\n\t\t<a class=\"elementor-post__read-more\" href=\"https:\/\/bfxc.com.br\/2021\/fotos-torneio-das-quintas-feiras-3082012\/\" aria-label=\"Read more about FOTOS TORNEIO DAS QUINTAS-FEIRAS (30\/8\/2012)\" tabindex=\"-1\" >\n\t\t\tAbrir \u00bb\t\t<\/a>\n\n\t\t\t\t<\/div>\n\t\t\t\t<div class=\"elementor-post__meta-data\">\n\t\t\t\t\t<span class=\"elementor-post-date\">\n\t\t\t31 de agosto de 2012\t\t<\/span>\n\t\t\t\t<span class=\"elementor-post-avatar\">\n\t\t\tNenhum coment\u00e1rio\t\t<\/span>\n\t\t\t\t<\/div>\n\t\t\t\t\t<\/div>\n\t\t<\/article>\n\t\t\t\t<article class=\"elementor-post elementor-grid-item post-48623 post type-post status-publish format-standard has-post-thumbnail hentry category-materias\">\n\t\t\t<div class=\"elementor-post__card\">\n\t\t\t\t<a class=\"elementor-post__thumbnail__link\" href=\"https:\/\/bfxc.com.br\/2021\/pequenos-campeoes-e-grandes-emocoes\/\" tabindex=\"-1\" ><div class=\"elementor-post__thumbnail\"><img loading=\"lazy\" decoding=\"async\" width=\"150\" height=\"150\" src=\"https:\/\/bfxc.com.br\/2021\/wp-content\/uploads\/2025\/11\/9fc977d0-6766-4ae2-b4be-e09a4e2bfa3b-150x150.jpeg\" class=\"attachment-thumbnail size-thumbnail wp-image-48643\" alt=\"\" \/><\/div><\/a>\n\t\t\t\t<div class=\"elementor-post__badge\">Mat\u00e9rias<\/div>\n\t\t\t\t<div class=\"elementor-post__text\">\n\t\t\t\t<p class=\"elementor-post__title\">\n\t\t\t<a href=\"https:\/\/bfxc.com.br\/2021\/pequenos-campeoes-e-grandes-emocoes\/\" >\n\t\t\t\tPEQUENOS CAMPE\u00d5ES E GRANDES EMO\u00c7\u00d5ES!\t\t\t<\/a>\n\t\t<\/p>\n\t\t\n\t\t<a class=\"elementor-post__read-more\" href=\"https:\/\/bfxc.com.br\/2021\/pequenos-campeoes-e-grandes-emocoes\/\" aria-label=\"Read more about PEQUENOS CAMPE\u00d5ES E GRANDES EMO\u00c7\u00d5ES!\" tabindex=\"-1\" >\n\t\t\tAbrir \u00bb\t\t<\/a>\n\n\t\t\t\t<\/div>\n\t\t\t\t<div class=\"elementor-post__meta-data\">\n\t\t\t\t\t<span class=\"elementor-post-date\">\n\t\t\t9 de novembro de 2025\t\t<\/span>\n\t\t\t\t<span class=\"elementor-post-avatar\">\n\t\t\tNenhum coment\u00e1rio\t\t<\/span>\n\t\t\t\t<\/div>\n\t\t\t\t\t<\/div>\n\t\t<\/article>\n\t\t\t\t<article class=\"elementor-post elementor-grid-item post-43936 post type-post status-publish format-standard has-post-thumbnail hentry category-materias\">\n\t\t\t<div class=\"elementor-post__card\">\n\t\t\t\t<a class=\"elementor-post__thumbnail__link\" href=\"https:\/\/bfxc.com.br\/2021\/magnus-fiuza-passeia-na-2acopa-jockey-club\/\" tabindex=\"-1\" ><div class=\"elementor-post__thumbnail\"><img loading=\"lazy\" decoding=\"async\" width=\"150\" height=\"150\" src=\"https:\/\/bfxc.com.br\/2021\/wp-content\/uploads\/2023\/08\/122048af-382a-47ab-8721-1ac510480cfa-1-150x150.jpg\" class=\"attachment-thumbnail size-thumbnail wp-image-43961\" alt=\"\" \/><\/div><\/a>\n\t\t\t\t<div class=\"elementor-post__badge\">Mat\u00e9rias<\/div>\n\t\t\t\t<div class=\"elementor-post__text\">\n\t\t\t\t<p class=\"elementor-post__title\">\n\t\t\t<a href=\"https:\/\/bfxc.com.br\/2021\/magnus-fiuza-passeia-na-2acopa-jockey-club\/\" >\n\t\t\t\tMAGNUS FIUZA passeia na 2\u00aaCopa Jockey Club\t\t\t<\/a>\n\t\t<\/p>\n\t\t\n\t\t<a class=\"elementor-post__read-more\" href=\"https:\/\/bfxc.com.br\/2021\/magnus-fiuza-passeia-na-2acopa-jockey-club\/\" aria-label=\"Read more about MAGNUS FIUZA passeia na 2\u00aaCopa Jockey Club\" tabindex=\"-1\" >\n\t\t\tAbrir \u00bb\t\t<\/a>\n\n\t\t\t\t<\/div>\n\t\t\t\t<div class=\"elementor-post__meta-data\">\n\t\t\t\t\t<span class=\"elementor-post-date\">\n\t\t\t15 de agosto de 2023\t\t<\/span>\n\t\t\t\t<span class=\"elementor-post-avatar\">\n\t\t\tNenhum coment\u00e1rio\t\t<\/span>\n\t\t\t\t<\/div>\n\t\t\t\t\t<\/div>\n\t\t<\/article>\n\t\t\t\t<article class=\"elementor-post elementor-grid-item post-9926 post type-post status-publish format-standard hentry category-antigos\">\n\t\t\t<div class=\"elementor-post__card\">\n\t\t\t\t<div class=\"elementor-post__text\">\n\t\t\t\t<p class=\"elementor-post__title\">\n\t\t\t<a href=\"https:\/\/bfxc.com.br\/2021\/torneio-dia-das-crianas-e-algumas-nem-tanto-na-praa-jos-bonifcio\/\" >\n\t\t\t\tTORNEIO DIA DAS CRIAN&Ccedil;AS (e algumas nem tanto) &ndash; na Pra&ccedil;a Jos&eacute; Bonif&aacute;cio.\t\t\t<\/a>\n\t\t<\/p>\n\t\t\n\t\t<a class=\"elementor-post__read-more\" href=\"https:\/\/bfxc.com.br\/2021\/torneio-dia-das-crianas-e-algumas-nem-tanto-na-praa-jos-bonifcio\/\" aria-label=\"Read more about TORNEIO DIA DAS CRIAN&Ccedil;AS (e algumas nem tanto) &ndash; na Pra&ccedil;a Jos&eacute; Bonif&aacute;cio.\" tabindex=\"-1\" >\n\t\t\tAbrir \u00bb\t\t<\/a>\n\n\t\t\t\t<\/div>\n\t\t\t\t<div class=\"elementor-post__meta-data\">\n\t\t\t\t\t<span class=\"elementor-post-date\">\n\t\t\t27 de outubro de 2011\t\t<\/span>\n\t\t\t\t<span class=\"elementor-post-avatar\">\n\t\t\tNenhum coment\u00e1rio\t\t<\/span>\n\t\t\t\t<\/div>\n\t\t\t\t\t<\/div>\n\t\t<\/article>\n\t\t\t\t<article class=\"elementor-post elementor-grid-item post-18825 post type-post status-publish format-standard has-post-thumbnail hentry category-antigos\">\n\t\t\t<div class=\"elementor-post__card\">\n\t\t\t\t<a class=\"elementor-post__thumbnail__link\" href=\"https:\/\/bfxc.com.br\/2021\/classificao-final-e-fotos-da-iv-copa-das-naes-de-xadrez-internacional\/\" tabindex=\"-1\" ><div class=\"elementor-post__thumbnail\"><img loading=\"lazy\" decoding=\"async\" width=\"150\" height=\"150\" src=\"https:\/\/bfxc.com.br\/2021\/wp-content\/uploads\/2012\/05\/SAM_4246_thumb1-150x150.jpg\" class=\"attachment-thumbnail size-thumbnail wp-image-32174\" alt=\"\" \/><\/div><\/a>\n\t\t\t\t<div class=\"elementor-post__badge\">Antigos<\/div>\n\t\t\t\t<div class=\"elementor-post__text\">\n\t\t\t\t<p class=\"elementor-post__title\">\n\t\t\t<a href=\"https:\/\/bfxc.com.br\/2021\/classificao-final-e-fotos-da-iv-copa-das-naes-de-xadrez-internacional\/\" >\n\t\t\t\tCLASSIFICA&Ccedil;&Atilde;O FINAL E FOTOS DA IV COPA DAS NA&Ccedil;&Otilde;ES DE XADREZ INTERNACIONAL\t\t\t<\/a>\n\t\t<\/p>\n\t\t\n\t\t<a class=\"elementor-post__read-more\" href=\"https:\/\/bfxc.com.br\/2021\/classificao-final-e-fotos-da-iv-copa-das-naes-de-xadrez-internacional\/\" aria-label=\"Read more about CLASSIFICA&Ccedil;&Atilde;O FINAL E FOTOS DA IV COPA DAS NA&Ccedil;&Otilde;ES DE XADREZ INTERNACIONAL\" tabindex=\"-1\" >\n\t\t\tAbrir \u00bb\t\t<\/a>\n\n\t\t\t\t<\/div>\n\t\t\t\t<div class=\"elementor-post__meta-data\">\n\t\t\t\t\t<span class=\"elementor-post-date\">\n\t\t\t28 de maio de 2012\t\t<\/span>\n\t\t\t\t<span class=\"elementor-post-avatar\">\n\t\t\tNenhum coment\u00e1rio\t\t<\/span>\n\t\t\t\t<\/div>\n\t\t\t\t\t<\/div>\n\t\t<\/article>\n\t\t\t\t<\/div>\n\t\t\n\t\t\t\t<div class=\"e-load-more-anchor\" data-page=\"1\" data-max-page=\"14\" data-next-page=\"https:\/\/bfxc.com.br\/2021\/wp-json\/wp\/v2\/pages\/40983\/page\/2\/\"><\/div>\n\t\t\t\t<nav class=\"elementor-pagination\" aria-label=\"Pagination\">\n\t\t\t<span aria-current=\"page\" class=\"page-numbers current\"><span class=\"elementor-screen-only\">Page<\/span>1<\/span>\n<a class=\"page-numbers\" href=\"https:\/\/bfxc.com.br\/2021\/wp-json\/wp\/v2\/pages\/40983\/page\/2\/\"><span class=\"elementor-screen-only\">Page<\/span>2<\/a>\n<a class=\"page-numbers\" href=\"https:\/\/bfxc.com.br\/2021\/wp-json\/wp\/v2\/pages\/40983\/page\/3\/\"><span class=\"elementor-screen-only\">Page<\/span>3<\/a>\n<span class=\"page-numbers dots\">&hellip;<\/span>\n<a class=\"page-numbers\" href=\"https:\/\/bfxc.com.br\/2021\/wp-json\/wp\/v2\/pages\/40983\/page\/14\/\"><span class=\"elementor-screen-only\">Page<\/span>14<\/a>\t\t<\/nav>\n\t\t\t\t\t\t<\/div>\n\t\t\t\t<\/div>\n\t\t\t\t\t<\/div>\n\t\t<\/div>\n\t\t\t\t\t<\/div>\n\t\t<\/section>\n\t\t\t\t<\/div>\n\t\t","protected":false},"excerpt":{"rendered":"","protected":false},"author":1,"featured_media":40985,"parent":0,"menu_order":0,"comment_status":"closed","ping_status":"closed","template":"","meta":{"footnotes":""},"class_list":["post-40983","page","type-page","status-publish","has-post-thumbnail","hentry"],"_links":{"self":[{"href":"https:\/\/bfxc.com.br\/2021\/wp-json\/wp\/v2\/pages\/40983","targetHints":{"allow":["GET"]}}],"collection":[{"href":"https:\/\/bfxc.com.br\/2021\/wp-json\/wp\/v2\/pages"}],"about":[{"href":"https:\/\/bfxc.com.br\/2021\/wp-json\/wp\/v2\/types\/page"}],"author":[{"embeddable":true,"href":"https:\/\/bfxc.com.br\/2021\/wp-json\/wp\/v2\/users\/1"}],"replies":[{"embeddable":true,"href":"https:\/\/bfxc.com.br\/2021\/wp-json\/wp\/v2\/comments?post=40983"}],"version-history":[{"count":13,"href":"https:\/\/bfxc.com.br\/2021\/wp-json\/wp\/v2\/pages\/40983\/revisions"}],"predecessor-version":[{"id":41000,"href":"https:\/\/bfxc.com.br\/2021\/wp-json\/wp\/v2\/pages\/40983\/revisions\/41000"}],"wp:featuredmedia":[{"embeddable":true,"href":"https:\/\/bfxc.com.br\/2021\/wp-json\/wp\/v2\/media\/40985"}],"wp:attachment":[{"href":"https:\/\/bfxc.com.br\/2021\/wp-json\/wp\/v2\/media?parent=40983"}],"curies":[{"name":"wp","href":"https:\/\/api.w.org\/{rel}","templated":true}]}}